{"id":8811,"date":"2025-05-08T10:36:49","date_gmt":"2025-05-08T10:36:49","guid":{"rendered":"https:\/\/findosbuecher.com\/?page_id=8811"},"modified":"2025-05-10T05:29:58","modified_gmt":"2025-05-10T05:29:58","slug":"nie-wieder-ist-jetzt","status":"publish","type":"page","link":"https:\/\/findosbuecher.com\/?page_id=8811","title":{"rendered":"Nie wieder ist Jetzt"},"content":{"rendered":"\n<p>Am 10. Dezember 2023 fand eine der eindrucksvollsten Demonstrationen in Berlin am Brandenburger Tor statt. Gegen Hass, Ausgrenzung und Intoleranz setzten tausende Menschen ein Zeichen, welches starke Resonanz und ein breites \u00f6ffentliches Interesse erfuhr. Diese waren der Ausl\u00f6ser f\u00fcr die Gr\u00fcndung von <a href=\"https:\/\/niewieder.com\/\">NIE WIEDER IST JETZT e.V.<\/a>, welcher sich f\u00fcr ein umfassenderes Verst\u00e4ndnis von Demokratie und Toleranz einsetzen m\u00f6chte und gegen Rassismus, Antisemitismus und Diskriminierung einsetzen m\u00f6chte. <\/p>\n\n\n\n<figure class=\"wp-block-image alignwide size-large\"><img loading=\"lazy\" decoding=\"async\" width=\"1024\" height=\"636\" src=\"https:\/\/findosbuecher.com\/wp-content\/uploads\/2025\/05\/nie-wieder-ist-jetzt-demo-00006-1024x636.jpeg\" alt=\"\" class=\"wp-image-8819\" srcset=\"https:\/\/findosbuecher.com\/wp-content\/uploads\/2025\/05\/nie-wieder-ist-jetzt-demo-00006-1024x636.jpeg 1024w, https:\/\/findosbuecher.com\/wp-content\/uploads\/2025\/05\/nie-wieder-ist-jetzt-demo-00006-300x186.jpeg 300w, https:\/\/findosbuecher.com\/wp-content\/uploads\/2025\/05\/nie-wieder-ist-jetzt-demo-00006-768x477.jpeg 768w, https:\/\/findosbuecher.com\/wp-content\/uploads\/2025\/05\/nie-wieder-ist-jetzt-demo-00006-1536x954.jpeg 1536w, https:\/\/findosbuecher.com\/wp-content\/uploads\/2025\/05\/nie-wieder-ist-jetzt-demo-00006-320x199.jpeg 320w, https:\/\/findosbuecher.com\/wp-content\/uploads\/2025\/05\/nie-wieder-ist-jetzt-demo-00006.jpeg 1600w\" sizes=\"auto, (max-width: 1024px) 100vw, 1024px\" \/><figcaption class=\"wp-element-caption\">Gegen Hass, Ausgrenzung und Intoleranz. (Quelle: Nie wieder ist jetzt e.V.)<\/figcaption><\/figure>\n\n\n\n<p>In einer Zeit voller gesellschaftlicher Spannungen, in der Polarisierung zunimmt, ist es wichtig sich aktiv f\u00fcr ein respektvolles und inklusives Miteinander einzusetzen. Die Initiative setzt sich durch innovative Bildungs- und Aufkl\u00e4rungsarbeit daf\u00fcr ein, um einen nachhaltigen Beitrag zu F\u00f6rderung eines vielf\u00e4ltigen Miteinanderes zu leisten.<\/p>\n\n\n\n<p>Mehr als ein Grund genug, dieses Projekt einmal hier vorzustellen.<\/p>\n\n\n\n<p>Die Zunahme von Hassrede in den sozialen Medien, die fortschreitende gesellschaftliche Polarisierung verdeutlichen den Bedarf solcher Initiativen, gerade um die Resilienz unserer Demokratie zu f\u00f6rdern. Nichts weniger m\u00f6chte dieser Verein, der besonders junge Menschen durch innovative Lernmethoden f\u00fcr Demokratie und Toleranz sensibilisieren m\u00f6chte, mit Veranstaltungen und Videos dar\u00fcber hinaus allen Altersgruppen ein Bewusstsein f\u00fcr Zusammenhalt zu schaffen.<\/p>\n\n\n\n<figure class=\"wp-block-gallery has-nested-images columns-default is-cropped wp-block-gallery-2 is-layout-flex wp-block-gallery-is-layout-flex\">\n<figure class=\"wp-block-image size-large\"><img loading=\"lazy\" decoding=\"async\" width=\"819\" height=\"1024\" data-id=\"8816\" src=\"https:\/\/findosbuecher.com\/wp-content\/uploads\/2025\/05\/image0-819x1024.jpeg\" alt=\"\" class=\"wp-image-8816\" srcset=\"https:\/\/findosbuecher.com\/wp-content\/uploads\/2025\/05\/image0-819x1024.jpeg 819w, https:\/\/findosbuecher.com\/wp-content\/uploads\/2025\/05\/image0-240x300.jpeg 240w, https:\/\/findosbuecher.com\/wp-content\/uploads\/2025\/05\/image0-768x960.jpeg 768w, https:\/\/findosbuecher.com\/wp-content\/uploads\/2025\/05\/image0-320x400.jpeg 320w, https:\/\/findosbuecher.com\/wp-content\/uploads\/2025\/05\/image0.jpeg 1080w\" sizes=\"auto, (max-width: 819px) 100vw, 819px\" \/><figcaption class=\"wp-element-caption\">Mit innovativen Ideen interessieren. (Quelle: Nie wieder ist jetzt e.V.)<\/figcaption><\/figure>\n\n\n\n<figure class=\"wp-block-image size-large\"><img loading=\"lazy\" decoding=\"async\" width=\"819\" height=\"1024\" data-id=\"8817\" src=\"https:\/\/findosbuecher.com\/wp-content\/uploads\/2025\/05\/image1-819x1024.jpeg\" alt=\"\" class=\"wp-image-8817\" srcset=\"https:\/\/findosbuecher.com\/wp-content\/uploads\/2025\/05\/image1-819x1024.jpeg 819w, https:\/\/findosbuecher.com\/wp-content\/uploads\/2025\/05\/image1-240x300.jpeg 240w, https:\/\/findosbuecher.com\/wp-content\/uploads\/2025\/05\/image1-768x960.jpeg 768w, https:\/\/findosbuecher.com\/wp-content\/uploads\/2025\/05\/image1-320x400.jpeg 320w, https:\/\/findosbuecher.com\/wp-content\/uploads\/2025\/05\/image1.jpeg 1080w\" sizes=\"auto, (max-width: 819px) 100vw, 819px\" \/><figcaption class=\"wp-element-caption\">Nicolai Schwarzer und sein Sachbuch &#8222;Nie wieder ist jetzt&#8220;. (Quelle: Nie wieder ist jetzt e.V.)<\/figcaption><\/figure>\n<\/figure>\n\n\n\n<p>Dabei sollen innovative Videoformate f\u00fcr Social Media und TV Themen wie Diskriminierung und Rassismus verst\u00e4ndlich machen, im Unterricht an ausgew\u00e4hlten Schulen (vorerst in Berlin) durch Methoden wie Hologrammtechnologie f\u00fcr Toleranz und Demokratie sensibilisiert werden. Hierbei sollen zahlreiche Prominente in Lebensgr\u00f6\u00dfe in die Klassenzimmer hinein projiziert werden, um so auf unterschiedliche Art und Weise daf\u00fcr zu begeistern. Dazu kommen zahlreiche Events zur Bewusstseinsbildung und Mobilisierung der \u00d6ffentlichkeit, sowie auch eine Publikation, die bereits erschienen ist und die wichtigsten Themen des Projekts noch einmal vorstellt.<\/p>\n\n\n\n<div itemscope itemtype=\"https:\/\/schema.org\/Book\" class=\"wp-block-book-review-block-book-review book-review-block\">\n<figure class=\"wp-block-image alignleft size-large\"><img loading=\"lazy\" decoding=\"async\" width=\"593\" height=\"1024\" itemprop=\"image\" src=\"https:\/\/findosbuecher.com\/wp-content\/uploads\/2025\/05\/niewieder-1-593x1024.jpg\" alt=\"\" class=\"wp-image-8813\" srcset=\"https:\/\/findosbuecher.com\/wp-content\/uploads\/2025\/05\/niewieder-1-593x1024.jpg 593w, https:\/\/findosbuecher.com\/wp-content\/uploads\/2025\/05\/niewieder-1-174x300.jpg 174w, https:\/\/findosbuecher.com\/wp-content\/uploads\/2025\/05\/niewieder-1-768x1327.jpg 768w, https:\/\/findosbuecher.com\/wp-content\/uploads\/2025\/05\/niewieder-1-282x487.jpg 282w, https:\/\/findosbuecher.com\/wp-content\/uploads\/2025\/05\/niewieder-1.jpg 868w\" sizes=\"auto, (max-width: 593px) 100vw, 593px\" \/><\/figure>\n\n\n\n<div class=\"wp-block-book-review-block-metadata book-review-block__meta\"><div class=\"book-review-block__meta-item book-review-block__meta-item-title\"><div itemprop=\"name\" class=\"book-review-block__meta-item-value\">Nie wieder ist jetzt<\/div><\/div><div class=\"book-review-block__meta-item book-review-block__meta-item-series\"><div class=\"book-review-block__meta-item-value\">Nicolai Schwarzer<\/div><\/div><div itemscope itemtype=\"https:\/\/schema.org\/Person\" itemprop=\"author\" class=\"book-review-block__meta-item book-review-block__meta-item-author\"><div itemprop=\"name\" class=\"book-review-block__meta-item-value\">Sachbuch<\/div><\/div><div class=\"book-review-block__meta-item book-review-block__meta-item-genre\"><div itemprop=\"genre\" class=\"book-review-block__meta-item-value\">Nicolai Verlag<\/div><\/div><div itemscope itemtype=\"https:\/\/schema.org\/Organization\" itemprop=\"publisher\" class=\"book-review-block__meta-item book-review-block__meta-item-publisher\"><div itemprop=\"name\" class=\"book-review-block__meta-item-value\">Erschienen am: 28.03.2025<\/div><\/div><div class=\"book-review-block__meta-item book-review-block__meta-item-release-date\"><div itemprop=\"datePublished\" class=\"book-review-block__meta-item-value\">Hardcover<\/div><\/div><div class=\"book-review-block__meta-item book-review-block__meta-item-format\"><div class=\"book-review-block__meta-item-value\">Seiten: 301<\/div><\/div><div class=\"book-review-block__meta-item book-review-block__meta-item-pages\"><div itemprop=\"numberOfPages\" class=\"book-review-block__meta-item-value\">ISBN: <a href=\"https:\/\/nicolaische-buchhandlung.buchhandlung.de\/shop\/article\/55117765\/nicolai_schwarzer_nie_wieder_ist_jetzt.html\">978-3-96476-160-6<\/a><\/div><\/div><\/div>\n\n\n\n<div class=\"wp-block-book-review-block-description book-review-block__description\"><p><\/p><\/div>\n<\/div>\n\n\n\n<p>Das Buch ist bereits erschienen und wird sp\u00e4ter nochmal gesondert im Blog vorgestellt werden, sei jedoch jetzt schon einmal hier erw\u00e4hnt.<br>Auch der Beitrag wird nach und nach erg\u00e4nzt werden, sobald weiteres Material zur Verf\u00fcgung steht.<\/p>\n\n\n\n<p>Hier ein \u00dcberblick \u00fcber die <a href=\"https:\/\/niewieder.com\/#initiator\">Initiatoren<\/a> und <a href=\"https:\/\/niewieder.com\/#unterstuetzer\">Unterst\u00fctzer<\/a> des Vereins.<\/p>\n\n\n\n<p><em>Fotos und Medieninhalte wurden freundlicherweise dem Blog seitens des Vereins f\u00fcr den Beitrag zur Verf\u00fcgung gestellt. Alle Rechte liegen bei Nie wieder ist jetzt e. V. <\/em><\/p>\n","protected":false},"excerpt":{"rendered":"<p>Am 10. Dezember 2023 fand eine der eindrucksvollsten Demonstrationen in Berlin am Brandenburger Tor statt. Gegen Hass, Ausgrenzung und Intoleranz setzten tausende Menschen ein Zeichen, welches starke Resonanz und ein breites \u00f6ffentliches Interesse erfuhr. Diese waren der Ausl\u00f6ser f\u00fcr die Gr\u00fcndung von NIE WIEDER IST JETZT e.V., welcher sich f\u00fcr ein umfassenderes Verst\u00e4ndnis von Demokratie [&hellip;]<\/p>\n","protected":false},"author":1,"featured_media":0,"parent":0,"menu_order":0,"comment_status":"closed","ping_status":"closed","template":"","meta":{"_uag_custom_page_level_css":"","site-sidebar-layout":"default","site-content-layout":"","ast-site-content-layout":"default","site-content-style":"default","site-sidebar-style":"default","ast-global-header-display":"","ast-banner-title-visibility":"","ast-main-header-display":"","ast-hfb-above-header-display":"","ast-hfb-below-header-display":"","ast-hfb-mobile-header-display":"","site-post-title":"","ast-breadcrumbs-content":"","ast-featured-img":"","footer-sml-layout":"","ast-disable-related-posts":"","theme-transparent-header-meta":"","adv-header-id-meta":"","stick-header-meta":"","header-above-stick-meta":"","header-main-stick-meta":"","header-below-stick-meta":"","astra-migrate-meta-layouts":"set","ast-page-background-enabled":"default","ast-page-background-meta":{"desktop":{"background-color":"","background-image":"","background-repeat":"repeat","background-position":"center center","background-size":"auto","background-attachment":"scroll","background-type":"","background-media":"","overlay-type":"","overlay-color":"","overlay-opacity":"","overlay-gradient":""},"tablet":{"background-color":"","background-image":"","background-repeat":"repeat","background-position":"center center","background-size":"auto","background-attachment":"scroll","background-type":"","background-media":"","overlay-type":"","overlay-color":"","overlay-opacity":"","overlay-gradient":""},"mobile":{"background-color":"","background-image":"","background-repeat":"repeat","background-position":"center center","background-size":"auto","background-attachment":"scroll","background-type":"","background-media":"","overlay-type":"","overlay-color":"","overlay-opacity":"","overlay-gradient":""}},"ast-content-background-meta":{"desktop":{"background-color":"var(--ast-global-color-5)","background-image":"","background-repeat":"repeat","background-position":"center center","background-size":"auto","background-attachment":"scroll","background-type":"","background-media":"","overlay-type":"","overlay-color":"","overlay-opacity":"","overlay-gradient":""},"tablet":{"background-color":"var(--ast-global-color-5)","background-image":"","background-repeat":"repeat","background-position":"center center","background-size":"auto","background-attachment":"scroll","background-type":"","background-media":"","overlay-type":"","overlay-color":"","overlay-opacity":"","overlay-gradient":""},"mobile":{"background-color":"var(--ast-global-color-5)","background-image":"","background-repeat":"repeat","background-position":"center center","background-size":"auto","background-attachment":"scroll","background-type":"","background-media":"","overlay-type":"","overlay-color":"","overlay-opacity":"","overlay-gradient":""}},"footnotes":""},"categories":[],"tags":[],"class_list":["post-8811","page","type-page","status-publish","hentry"],"uagb_featured_image_src":{"full":false,"thumbnail":false,"medium":false,"medium_large":false,"large":false,"wps_thumbnail_size":false,"1536x1536":false,"2048x2048":false,"buchcover":false},"uagb_author_info":{"display_name":"findo","author_link":"https:\/\/findosbuecher.com\/?author=1"},"uagb_comment_info":0,"uagb_excerpt":"Am 10. Dezember 2023 fand eine der eindrucksvollsten Demonstrationen in Berlin am Brandenburger Tor statt. Gegen Hass, Ausgrenzung und Intoleranz setzten tausende Menschen ein Zeichen, welches starke Resonanz und ein breites \u00f6ffentliches Interesse erfuhr. Diese waren der Ausl\u00f6ser f\u00fcr die Gr\u00fcndung von NIE WIEDER IST JETZT e.V., welcher sich f\u00fcr ein umfassenderes Verst\u00e4ndnis von Demokratie&hellip;","_links":{"self":[{"href":"https:\/\/findosbuecher.com\/index.php?rest_route=\/wp\/v2\/pages\/8811","targetHints":{"allow":["GET"]}}],"collection":[{"href":"https:\/\/findosbuecher.com\/index.php?rest_route=\/wp\/v2\/pages"}],"about":[{"href":"https:\/\/findosbuecher.com\/index.php?rest_route=\/wp\/v2\/types\/page"}],"author":[{"embeddable":true,"href":"https:\/\/findosbuecher.com\/index.php?rest_route=\/wp\/v2\/users\/1"}],"replies":[{"embeddable":true,"href":"https:\/\/findosbuecher.com\/index.php?rest_route=%2Fwp%2Fv2%2Fcomments&post=8811"}],"version-history":[{"count":2,"href":"https:\/\/findosbuecher.com\/index.php?rest_route=\/wp\/v2\/pages\/8811\/revisions"}],"predecessor-version":[{"id":8820,"href":"https:\/\/findosbuecher.com\/index.php?rest_route=\/wp\/v2\/pages\/8811\/revisions\/8820"}],"wp:attachment":[{"href":"https:\/\/findosbuecher.com\/index.php?rest_route=%2Fwp%2Fv2%2Fmedia&parent=8811"}],"wp:term":[{"taxonomy":"category","embeddable":true,"href":"https:\/\/findosbuecher.com\/index.php?rest_route=%2Fwp%2Fv2%2Fcategories&post=8811"},{"taxonomy":"post_tag","embeddable":true,"href":"https:\/\/findosbuecher.com\/index.php?rest_route=%2Fwp%2Fv2%2Ftags&post=8811"}],"curies":[{"name":"wp","href":"https:\/\/api.w.org\/{rel}","templated":true}]}}