{"id":6379,"date":"2022-03-23T07:52:18","date_gmt":"2022-03-23T07:52:18","guid":{"rendered":"https:\/\/findosbuecher.com\/?page_id=6379"},"modified":"2022-03-24T21:01:41","modified_gmt":"2022-03-24T21:01:41","slug":"katapult-ukraine","status":"publish","type":"page","link":"https:\/\/findosbuecher.com\/?page_id=6379","title":{"rendered":"KATAPULT &#8211; Ukraine"},"content":{"rendered":"\n<p>Seit den 24. Februar greifen russische Truppen die Ukraine an. Seit dem ist viel passiert und wahrscheinlich bin ich nicht der Einzige, der die ersten Tage wie paralysiert vor den Bildschirmen stand und nicht realisiert hat, was er da eigentlich sieht. Vom Verarbeiten ganz zu schweigen. Mittlerweile habe ich den Nachrichtenkonsum, so gut es eben geht, reduziert. Im Vordergrund ist nun die Frage getreten, was kann man selbst tun, um der Hilflosigkeit nicht ganz so viel Raum zu geben?<\/p>\n\n\n\n<p>Mittlerweile spende ich, habe auch schon am hie\u00dfigen Hauptbahnhof mit geholfen, einzelne Tropfen auf den hei\u00dfen Stein, die aber zusammen mit vielen anderen doch etwas bewirken k\u00f6nnen. Jeder Einzelne kann etwas tun. Der KATAPULT Verlag hat ebenso eine Antwort f\u00fcr sich gefunden, sammelt Informationen und unterst\u00fctzt ukrainische Journalisten, und hat \u00fcberdies eine Liste an Organisationen zusammengestellt, die Spenden sammeln und unterst\u00fctzenswert sind.<\/p>\n\n\n\n<p>Und da das so ist, muss dies unbedingt bekannter werden.<\/p>\n\n\n\n<p><strong>Was kannst Du tun?<\/strong><\/p>\n\n\n\n<figure class=\"wp-block-image size-large\"><img loading=\"lazy\" decoding=\"async\" width=\"1024\" height=\"1024\" src=\"https:\/\/findosbuecher.com\/wp-content\/uploads\/2022\/03\/was-tun-v2-1-1536x-1024x1024.png\" alt=\"\" class=\"wp-image-6380\" srcset=\"https:\/\/findosbuecher.com\/wp-content\/uploads\/2022\/03\/was-tun-v2-1-1536x-1024x1024.png 1024w, https:\/\/findosbuecher.com\/wp-content\/uploads\/2022\/03\/was-tun-v2-1-1536x-300x300.png 300w, https:\/\/findosbuecher.com\/wp-content\/uploads\/2022\/03\/was-tun-v2-1-1536x-150x150.png 150w, https:\/\/findosbuecher.com\/wp-content\/uploads\/2022\/03\/was-tun-v2-1-1536x-768x768.png 768w, https:\/\/findosbuecher.com\/wp-content\/uploads\/2022\/03\/was-tun-v2-1-1536x.png 1536w, https:\/\/findosbuecher.com\/wp-content\/uploads\/2022\/03\/was-tun-v2-1-1536x-320x320.png 320w\" sizes=\"auto, (max-width: 1024px) 100vw, 1024px\" \/><\/figure>\n\n\n\n<p><a href=\"https:\/\/katapult-magazin.de\/de\/artikel\/hilfe-und-helfen\">(c) 2022 KATAPULT<\/a> &#8211; \u00dcbersicht &#8222;Was kannst du tun?&#8220;<\/p>\n\n\n\n<p><strong>Was passiert gerade?<\/strong> <a href=\"https:\/\/katapult-magazin.de\/de\/artikel\/liveblog-zur-ukraine\">Der KATAPULT Live-Blog<\/a>.<\/p>\n\n\n\n<p>Hier findet ihr eine <a href=\"https:\/\/katapult-magazin.de\/de\/artikel\/hilfe-und-helfen\">Liste von Spenden- und Hilfsorganisationen<\/a>, die st\u00e4ndig erg\u00e4nzt, erweitert und aktualisiert wird.<\/p>\n\n\n\n<figure class=\"wp-block-image size-large\"><img loading=\"lazy\" decoding=\"async\" width=\"1024\" height=\"1024\" src=\"https:\/\/findosbuecher.com\/wp-content\/uploads\/2022\/03\/275064915-2995281757355224-4275144890412209394-n-1536x-1024x1024.png\" alt=\"\" class=\"wp-image-6381\" srcset=\"https:\/\/findosbuecher.com\/wp-content\/uploads\/2022\/03\/275064915-2995281757355224-4275144890412209394-n-1536x-1024x1024.png 1024w, https:\/\/findosbuecher.com\/wp-content\/uploads\/2022\/03\/275064915-2995281757355224-4275144890412209394-n-1536x-300x300.png 300w, https:\/\/findosbuecher.com\/wp-content\/uploads\/2022\/03\/275064915-2995281757355224-4275144890412209394-n-1536x-150x150.png 150w, https:\/\/findosbuecher.com\/wp-content\/uploads\/2022\/03\/275064915-2995281757355224-4275144890412209394-n-1536x-768x768.png 768w, https:\/\/findosbuecher.com\/wp-content\/uploads\/2022\/03\/275064915-2995281757355224-4275144890412209394-n-1536x.png 1536w, https:\/\/findosbuecher.com\/wp-content\/uploads\/2022\/03\/275064915-2995281757355224-4275144890412209394-n-1536x-320x320.png 320w\" sizes=\"auto, (max-width: 1024px) 100vw, 1024px\" \/><\/figure>\n\n\n\n<p>(c) <a href=\"https:\/\/katapult-magazin.de\/de\/artikel\/spenden-fuer-ukraine\">2022 KATAPULT<\/a> &#8211; \u00fcber den Link mehr zur Spendenaktion.<\/p>\n\n\n\n<p><em>Informationen und Grafiken sind Inhalte und Eigentum des KATAPULT-Verlags. Der Blog-Inhaber hat sich die Erlaubnis eingeholt, diese ebenfalls auf den Blog ver\u00f6ffentlichen und verbreiten zu d\u00fcrfen. Grafiken wurden unver\u00e4ndert \u00fcbernommen, f\u00fcr die Inhalte der verlinkten Seiten wird keine Haftung \u00fcbernommen, diese wurden soweit m\u00f6glich, \u00fcberpr\u00fcft. Stand der Ver\u00f6ffentlichung: 23.03.2022, 08:51 Uhr.<\/em><\/p>\n\n\n\n<p><\/p>\n","protected":false},"excerpt":{"rendered":"<p>Seit den 24. Februar greifen russische Truppen die Ukraine an. Seit dem ist viel passiert und wahrscheinlich bin ich nicht der Einzige, der die ersten Tage wie paralysiert vor den Bildschirmen stand und nicht realisiert hat, was er da eigentlich sieht. Vom Verarbeiten ganz zu schweigen. Mittlerweile habe ich den Nachrichtenkonsum, so gut es eben [&hellip;]<\/p>\n","protected":false},"author":1,"featured_media":0,"parent":0,"menu_order":0,"comment_status":"closed","ping_status":"closed","template":"","meta":{"_uag_custom_page_level_css":"","site-sidebar-layout":"default","site-content-layout":"","ast-site-content-layout":"default","site-content-style":"default","site-sidebar-style":"default","ast-global-header-display":"","ast-banner-title-visibility":"","ast-main-header-display":"","ast-hfb-above-header-display":"","ast-hfb-below-header-display":"","ast-hfb-mobile-header-display":"","site-post-title":"","ast-breadcrumbs-content":"","ast-featured-img":"","footer-sml-layout":"","ast-disable-related-posts":"","theme-transparent-header-meta":"","adv-header-id-meta":"","stick-header-meta":"","header-above-stick-meta":"","header-main-stick-meta":"","header-below-stick-meta":"","astra-migrate-meta-layouts":"default","ast-page-background-enabled":"default","ast-page-background-meta":{"desktop":{"background-color":"","background-image":"","background-repeat":"repeat","background-position":"center center","background-size":"auto","background-attachment":"scroll","background-type":"","background-media":"","overlay-type":"","overlay-color":"","overlay-opacity":"","overlay-gradient":""},"tablet":{"background-color":"","background-image":"","background-repeat":"repeat","background-position":"center center","background-size":"auto","background-attachment":"scroll","background-type":"","background-media":"","overlay-type":"","overlay-color":"","overlay-opacity":"","overlay-gradient":""},"mobile":{"background-color":"","background-image":"","background-repeat":"repeat","background-position":"center center","background-size":"auto","background-attachment":"scroll","background-type":"","background-media":"","overlay-type":"","overlay-color":"","overlay-opacity":"","overlay-gradient":""}},"ast-content-background-meta":{"desktop":{"background-color":"var(--ast-global-color-5)","background-image":"","background-repeat":"repeat","background-position":"center center","background-size":"auto","background-attachment":"scroll","background-type":"","background-media":"","overlay-type":"","overlay-color":"","overlay-opacity":"","overlay-gradient":""},"tablet":{"background-color":"var(--ast-global-color-5)","background-image":"","background-repeat":"repeat","background-position":"center center","background-size":"auto","background-attachment":"scroll","background-type":"","background-media":"","overlay-type":"","overlay-color":"","overlay-opacity":"","overlay-gradient":""},"mobile":{"background-color":"var(--ast-global-color-5)","background-image":"","background-repeat":"repeat","background-position":"center center","background-size":"auto","background-attachment":"scroll","background-type":"","background-media":"","overlay-type":"","overlay-color":"","overlay-opacity":"","overlay-gradient":""}},"footnotes":""},"categories":[],"tags":[1750,16,171,1127,3385,21,3386,3387,1301],"class_list":["post-6379","page","type-page","status-publish","hentry","tag-aktion","tag-gesellschaft","tag-hilfe","tag-journalismus","tag-katapult","tag-krieg","tag-magazin","tag-spende","tag-ukraine"],"uagb_featured_image_src":{"full":false,"thumbnail":false,"medium":false,"medium_large":false,"large":false,"wps_thumbnail_size":false,"1536x1536":false,"2048x2048":false,"buchcover":false},"uagb_author_info":{"display_name":"findo","author_link":"https:\/\/findosbuecher.com\/?author=1"},"uagb_comment_info":0,"uagb_excerpt":"Seit den 24. Februar greifen russische Truppen die Ukraine an. Seit dem ist viel passiert und wahrscheinlich bin ich nicht der Einzige, der die ersten Tage wie paralysiert vor den Bildschirmen stand und nicht realisiert hat, was er da eigentlich sieht. Vom Verarbeiten ganz zu schweigen. Mittlerweile habe ich den Nachrichtenkonsum, so gut es eben&hellip;","_links":{"self":[{"href":"https:\/\/findosbuecher.com\/index.php?rest_route=\/wp\/v2\/pages\/6379","targetHints":{"allow":["GET"]}}],"collection":[{"href":"https:\/\/findosbuecher.com\/index.php?rest_route=\/wp\/v2\/pages"}],"about":[{"href":"https:\/\/findosbuecher.com\/index.php?rest_route=\/wp\/v2\/types\/page"}],"author":[{"embeddable":true,"href":"https:\/\/findosbuecher.com\/index.php?rest_route=\/wp\/v2\/users\/1"}],"replies":[{"embeddable":true,"href":"https:\/\/findosbuecher.com\/index.php?rest_route=%2Fwp%2Fv2%2Fcomments&post=6379"}],"version-history":[{"count":3,"href":"https:\/\/findosbuecher.com\/index.php?rest_route=\/wp\/v2\/pages\/6379\/revisions"}],"predecessor-version":[{"id":6392,"href":"https:\/\/findosbuecher.com\/index.php?rest_route=\/wp\/v2\/pages\/6379\/revisions\/6392"}],"wp:attachment":[{"href":"https:\/\/findosbuecher.com\/index.php?rest_route=%2Fwp%2Fv2%2Fmedia&parent=6379"}],"wp:term":[{"taxonomy":"category","embeddable":true,"href":"https:\/\/findosbuecher.com\/index.php?rest_route=%2Fwp%2Fv2%2Fcategories&post=6379"},{"taxonomy":"post_tag","embeddable":true,"href":"https:\/\/findosbuecher.com\/index.php?rest_route=%2Fwp%2Fv2%2Ftags&post=6379"}],"curies":[{"name":"wp","href":"https:\/\/api.w.org\/{rel}","templated":true}]}}