{"id":56,"date":"2016-09-30T13:31:45","date_gmt":"2016-09-30T13:31:45","guid":{"rendered":"http:\/\/findosbuecher.com\/?page_id=56"},"modified":"2026-05-03T16:17:57","modified_gmt":"2026-05-03T16:17:57","slug":"leseliste-2016","status":"publish","type":"page","link":"https:\/\/findosbuecher.com\/?page_id=56","title":{"rendered":"Lesejahr 2026"},"content":{"rendered":"\n<p>Egal ob in Bus oder Bahn, zu Hause oder in den Pausen auf Arbeit, im Flieger oder anderswo auf der Welt. Im Jahr kommt so einiges an B\u00fcchern, guten und schlechten, zusammen. Doch, was habe ich so gelesen? Hier steht&#8217;s. Die mit * hinterlegten B\u00fccher sind Rezensionsexemplare.<\/p>\n\n\n\n<p><strong>Januar<\/strong><\/p>\n\n\n\n<p>01. *Gregor Eisenhauer: Emigrant des Lebens &#8211; Erich K\u00e4stners letzte Jahre<\/p>\n\n\n\n<p>02. *Ghassan Kanafani: Das Land der traurigen Orangen<\/p>\n\n\n\n<p>03. *David Zinn: Vorsicht an der Bordsteinkante! &#8211; Neue Streetart<\/p>\n\n\n\n<p>04. *Barbara Schennerlein: Aeronarctic &#8211; Das Zeppelin-Arktis-Projekt<\/p>\n\n\n\n<p>05. *G\u00fcnther Wessel: Alfred Wegener<\/p>\n\n\n\n<p>06. Florian Russi: Konfuzius &#8211; Philosoph des rechten Weges<\/p>\n\n\n\n<p>07. Kurt Fricke: Friedrich Engels &#8211; Philosoph der Bewegung<\/p>\n\n\n\n<p>08. *Marcus Bensmann\/David Schraven (u. a.): Europas Brandstifter &#8211; Putins Krieg gegen den Westen<\/p>\n\n\n\n<p>09. *Can D\u00fcndar\/Mohamed Anwar: Erdogan<\/p>\n\n\n\n<p><strong>Februar<\/strong><\/p>\n\n\n\n<p>10. *Markus Veith: Die erste Bahn<\/p>\n\n\n\n<p>11. *Peter Schaar: Sch\u00f6ne neue Stadt<\/p>\n\n\n\n<p>12. @kriegundfreitag: Wo kein Wille ist, ist auch eine Couch<\/p>\n\n\n\n<p>13. Patric J. Kaaf: Lucian Mason 2 &#8211; Und der Baum der Erinnerungen<\/p>\n\n\n\n<p>14. *Ulrich V\u00f6lkel: Der Mann mit dem Hut mit dem Hund wo bellt<\/p>\n\n\n\n<p>15. *Tomoko Ohmura: Alles klar, ruft der Bagger<\/p>\n\n\n\n<p>16. *Inga Gaile: Der Geschmack von schwarzer Erde<\/p>\n\n\n\n<p><strong>M\u00e4rz<\/strong><\/p>\n\n\n\n<p>17. *Jose Mauro de Vasconcelos: Mein kleiner Orangenbaum<\/p>\n\n\n\n<p>18*Tanja Busse\/Christiane Grefe: Der Grund<\/p>\n\n\n\n<p>19. Berta Paramo: L\u00e4use &#8211; Handbuch zum \u00dcberleben auf Menschen<\/p>\n\n\n\n<p>20. *Hannah Reichel: Das Wochenende<\/p>\n\n\n\n<p>21. *Takis W\u00fcrger: F\u00fcr Polina<\/p>\n\n\n\n<p>22. Maro Aoiro: Spa\u00dfige Gebietsverteilung f\u00fcr l\u00e4ssige Lehnsherren &#8211; 3 (Manga)<\/p>\n\n\n\n<p><strong>April<\/strong><\/p>\n\n\n\n<p>23. *Christian Sch\u00fcnemann: Bis die Sonne scheint<\/p>\n\n\n\n<p>24. *Antonio Pigafetta: An Bord mit Magellan<\/p>\n\n\n\n<p>25. *Manfred Koch: Rilke &#8211; Dichter der Angst<\/p>\n\n\n\n<p>26. *Patric J. Kaaf: Lucian Mason 3 &#8211; Und der Turm des Schatten<\/p>\n\n\n\n<p><strong>Mai<\/strong><\/p>\n\n\n\n<p>27. Jesse Falzoi: Creative Writing<\/p>\n\n\n\n<div class=\"wp-block-uagb-info-box uagb-block-4fedb741 uagb-infobox__content-wrap  uagb-infobox-icon-above-title uagb-infobox-image-valign-top\"><div class=\"uagb-ifb-content\"><div class=\"uagb-ifb-title-wrap\"><h3 class=\"uagb-ifb-title\">Der virtuelle Spendenhut<\/h3><\/div><p class=\"uagb-ifb-desc\">Dir hat der Beitrag gefallen? Dann freue ich mich \u00fcber eine virtuelle <a href=\"https:\/\/www.paypal.com\/paypalme\/findosbuechercom\/\" target=\"_blank\" rel=\"noreferrer noopener\">Spende<\/a>. Vielen lieben Dank.<\/p><\/div><\/div>\n\n\n\n<p><\/p>\n","protected":false},"excerpt":{"rendered":"<p>Egal ob in Bus oder Bahn, zu Hause oder in den Pausen auf Arbeit, im Flieger oder anderswo auf der Welt. Im Jahr kommt so einiges an B\u00fcchern, guten und schlechten, zusammen. Doch, was habe ich so gelesen? Hier steht&#8217;s. Die mit * hinterlegten B\u00fccher sind Rezensionsexemplare. Januar 01. *Gregor Eisenhauer: Emigrant des Lebens &#8211; [&hellip;]<\/p>\n","protected":false},"author":1,"featured_media":0,"parent":0,"menu_order":0,"comment_status":"closed","ping_status":"closed","template":"","meta":{"_uag_custom_page_level_css":"","site-sidebar-layout":"default","site-content-layout":"default","ast-site-content-layout":"default","site-content-style":"default","site-sidebar-style":"default","ast-global-header-display":"","ast-banner-title-visibility":"","ast-main-header-display":"","ast-hfb-above-header-display":"","ast-hfb-below-header-display":"","ast-hfb-mobile-header-display":"","site-post-title":"","ast-breadcrumbs-content":"","ast-featured-img":"","footer-sml-layout":"","ast-disable-related-posts":"","theme-transparent-header-meta":"default","adv-header-id-meta":"","stick-header-meta":"","header-above-stick-meta":"","header-main-stick-meta":"","header-below-stick-meta":"","astra-migrate-meta-layouts":"set","ast-page-background-enabled":"default","ast-page-background-meta":{"desktop":{"background-color":"","background-image":"","background-repeat":"repeat","background-position":"center center","background-size":"auto","background-attachment":"scroll","background-type":"","background-media":"","overlay-type":"","overlay-color":"","overlay-opacity":"","overlay-gradient":""},"tablet":{"background-color":"","background-image":"","background-repeat":"repeat","background-position":"center center","background-size":"auto","background-attachment":"scroll","background-type":"","background-media":"","overlay-type":"","overlay-color":"","overlay-opacity":"","overlay-gradient":""},"mobile":{"background-color":"","background-image":"","background-repeat":"repeat","background-position":"center center","background-size":"auto","background-attachment":"scroll","background-type":"","background-media":"","overlay-type":"","overlay-color":"","overlay-opacity":"","overlay-gradient":""}},"ast-content-background-meta":{"desktop":{"background-color":"var(--ast-global-color-5)","background-image":"","background-repeat":"repeat","background-position":"center center","background-size":"auto","background-attachment":"scroll","background-type":"","background-media":"","overlay-type":"","overlay-color":"","overlay-opacity":"","overlay-gradient":""},"tablet":{"background-color":"var(--ast-global-color-5)","background-image":"","background-repeat":"repeat","background-position":"center center","background-size":"auto","background-attachment":"scroll","background-type":"","background-media":"","overlay-type":"","overlay-color":"","overlay-opacity":"","overlay-gradient":""},"mobile":{"background-color":"var(--ast-global-color-5)","background-image":"","background-repeat":"repeat","background-position":"center center","background-size":"auto","background-attachment":"scroll","background-type":"","background-media":"","overlay-type":"","overlay-color":"","overlay-opacity":"","overlay-gradient":""}},"footnotes":""},"categories":[],"tags":[],"class_list":["post-56","page","type-page","status-publish","hentry"],"uagb_featured_image_src":{"full":false,"thumbnail":false,"medium":false,"medium_large":false,"large":false,"wps_thumbnail_size":false,"1536x1536":false,"2048x2048":false,"buchcover":false},"uagb_author_info":{"display_name":"findo","author_link":"https:\/\/findosbuecher.com\/?author=1"},"uagb_comment_info":0,"uagb_excerpt":"Egal ob in Bus oder Bahn, zu Hause oder in den Pausen auf Arbeit, im Flieger oder anderswo auf der Welt. Im Jahr kommt so einiges an B\u00fcchern, guten und schlechten, zusammen. Doch, was habe ich so gelesen? Hier steht&#8217;s. Die mit * hinterlegten B\u00fccher sind Rezensionsexemplare. Januar 01. *Gregor Eisenhauer: Emigrant des Lebens &#8211;&hellip;","_links":{"self":[{"href":"https:\/\/findosbuecher.com\/index.php?rest_route=\/wp\/v2\/pages\/56","targetHints":{"allow":["GET"]}}],"collection":[{"href":"https:\/\/findosbuecher.com\/index.php?rest_route=\/wp\/v2\/pages"}],"about":[{"href":"https:\/\/findosbuecher.com\/index.php?rest_route=\/wp\/v2\/types\/page"}],"author":[{"embeddable":true,"href":"https:\/\/findosbuecher.com\/index.php?rest_route=\/wp\/v2\/users\/1"}],"replies":[{"embeddable":true,"href":"https:\/\/findosbuecher.com\/index.php?rest_route=%2Fwp%2Fv2%2Fcomments&post=56"}],"version-history":[{"count":725,"href":"https:\/\/findosbuecher.com\/index.php?rest_route=\/wp\/v2\/pages\/56\/revisions"}],"predecessor-version":[{"id":9316,"href":"https:\/\/findosbuecher.com\/index.php?rest_route=\/wp\/v2\/pages\/56\/revisions\/9316"}],"wp:attachment":[{"href":"https:\/\/findosbuecher.com\/index.php?rest_route=%2Fwp%2Fv2%2Fmedia&parent=56"}],"wp:term":[{"taxonomy":"category","embeddable":true,"href":"https:\/\/findosbuecher.com\/index.php?rest_route=%2Fwp%2Fv2%2Fcategories&post=56"},{"taxonomy":"post_tag","embeddable":true,"href":"https:\/\/findosbuecher.com\/index.php?rest_route=%2Fwp%2Fv2%2Ftags&post=56"}],"curies":[{"name":"wp","href":"https:\/\/api.w.org\/{rel}","templated":true}]}}