{"id":4065,"date":"2020-02-17T05:02:20","date_gmt":"2020-02-17T05:02:20","guid":{"rendered":"http:\/\/findosbuecher.com\/?page_id=4065"},"modified":"2023-07-12T19:36:28","modified_gmt":"2023-07-12T19:36:28","slug":"buecher-gegen-das-vergessen","status":"publish","type":"page","link":"https:\/\/findosbuecher.com\/?page_id=4065","title":{"rendered":"Aktionen und das Bloggen der Anderen&#8230;"},"content":{"rendered":"\n<div class=\"wp-block-columns alignfull has-text-color has-background is-layout-flex wp-container-core-columns-is-layout-28f84493 wp-block-columns-is-layout-flex\" style=\"color:#000000;background-color:#ffffff\">\n<div class=\"wp-block-column is-layout-flow wp-block-column-is-layout-flow\">\n<h3 class=\"wp-block-heading has-text-align-center\" style=\"font-size:24px;line-height:1.3\">B\u00fccher gegen das Vergessen<\/h3>\n\n\n\n<figure class=\"wp-block-image aligncenter size-full\"><img loading=\"lazy\" decoding=\"async\" width=\"320\" height=\"213\" src=\"https:\/\/findosbuecher.com\/wp-content\/uploads\/2022\/07\/grafik.png\" alt=\"\" class=\"wp-image-6666\" srcset=\"https:\/\/findosbuecher.com\/wp-content\/uploads\/2022\/07\/grafik.png 320w, https:\/\/findosbuecher.com\/wp-content\/uploads\/2022\/07\/grafik-300x200.png 300w\" sizes=\"auto, (max-width: 320px) 100vw, 320px\" \/><figcaption class=\"wp-element-caption\">Besondere B\u00fccher gegen das Vergessen.<\/figcaption><\/figure>\n\n\n\n<p class=\"has-text-align-center\">Wir sind nicht gegen f\u00fcr alles Geschehene verantwortlich, aber wir tragen die Verantwortung, Vergangenheit nicht zu vergessen. Abseits von Rezensionen sollen hier B\u00fccher vorgestellt werden, mit denen wir mit Ereignissen, quer durch die Geschichte, konfrontiert werden, um uns an diese zu erinnern.<\/p>\n\n\n\n<p class=\"has-text-align-center\">Geplant sind zun\u00e4chst zw\u00f6lf Teile. Hier klicken: <br><a href=\"https:\/\/findosbuecher.com\/?p=4175\">#01<\/a>, <a href=\"https:\/\/findosbuecher.com\/?p=4296\">#02<\/a>, <a href=\"https:\/\/findosbuecher.com\/?p=4304\">#03<\/a>, <a href=\"https:\/\/findosbuecher.com\/?p=4353\">#04<\/a>, <a href=\"https:\/\/findosbuecher.com\/?p=5045\">#05<\/a><\/p>\n<\/div>\n\n\n\n<div class=\"wp-block-column is-layout-flow wp-block-column-is-layout-flow\">\n<h3 class=\"wp-block-heading has-text-align-center\" style=\"font-size:24px;line-height:1.3\">Das Bloggen mit B\u00fcchern<\/h3>\n\n\n\n<figure class=\"wp-block-image aligncenter size-full\"><img loading=\"lazy\" decoding=\"async\" width=\"1024\" height=\"683\" src=\"https:\/\/findosbuecher.com\/wp-content\/uploads\/2022\/07\/grafik-1.png\" alt=\"\" class=\"wp-image-6667\" srcset=\"https:\/\/findosbuecher.com\/wp-content\/uploads\/2022\/07\/grafik-1.png 1024w, https:\/\/findosbuecher.com\/wp-content\/uploads\/2022\/07\/grafik-1-300x200.png 300w, https:\/\/findosbuecher.com\/wp-content\/uploads\/2022\/07\/grafik-1-768x512.png 768w, https:\/\/findosbuecher.com\/wp-content\/uploads\/2022\/07\/grafik-1-320x213.png 320w\" sizes=\"auto, (max-width: 1024px) 100vw, 1024px\" \/><figcaption class=\"wp-element-caption\">\u00dcber das Schreiben. \u00dcber das Bloggen.<\/figcaption><\/figure>\n\n\n\n<p class=\"has-text-align-center\">Hier m\u00f6chte ich \u00fcber das Buchbloggen schreiben. Warum, weshalb, wieso? Meine Gedanken round about the blog und seine Auswirkungen.<\/p>\n\n\n\n<ul class=\"wp-block-list\">\n<li><a href=\"https:\/\/findosbuecher.com\/?p=4654\" data-type=\"post\" data-id=\"4654\">Wie machst du das?<\/a><\/li>\n\n\n\n<li><a href=\"https:\/\/findosbuecher.com\/?p=4658\" data-type=\"post\" data-id=\"4658\">Das Problem, Buchreihen zu rezensiern<\/a><\/li>\n\n\n\n<li><a href=\"https:\/\/findosbuecher.com\/?p=4710\" data-type=\"post\" data-id=\"4710\">Wie h\u00e4ltst du&#8217;s mit Rezensionsexemplaren?<\/a><\/li>\n\n\n\n<li><a href=\"https:\/\/findosbuecher.com\/?p=4946\" data-type=\"post\" data-id=\"4946\">Der Kampf mit den Updates<\/a><\/li>\n\n\n\n<li><a href=\"https:\/\/findosbuecher.com\/?p=6566\" data-type=\"post\" data-id=\"6566\">Vernetzung ist wichtig<\/a><\/li>\n<\/ul>\n<\/div>\n\n\n\n<div class=\"wp-block-column is-layout-flow wp-block-column-is-layout-flow\">\n<h3 class=\"wp-block-heading has-text-align-center\" style=\"font-size:24px;line-height:1.3\">Das Bloggen der Anderen<\/h3>\n\n\n\n<p>Das Lesen findet seit Jahren schon nicht mehr im stillen K\u00e4mmerchen statt. L\u00e4ngst kann man sich austauschen, gemeinsam ein Buch schm\u00f6kern, wenn man auch geografisch von einander entfernt sein mag. Aber nicht nur im Bereich Literatur gibt es interessante Blogs oder Social Media Kan\u00e4le, von denen ich hier einige vorstellen mag, die ich selbst gerne lese-<\/p>\n\n\n\n<ul class=\"wp-block-list\">\n<li><a href=\"https:\/\/morgenwald.eu\/\">100Morgenwald<\/a><\/li>\n\n\n\n<li><a href=\"https:\/\/mobile.twitter.com\/monerls\">monerlS bunte Welt<\/a><\/li>\n\n\n\n<li><a href=\"https:\/\/buchwinkel.de\/\">Im Buchwinkel<\/a><\/li>\n\n\n\n<li><a href=\"https:\/\/mobile.twitter.com\/connypatzelt76\">Connys B\u00fccherherz<\/a><\/li>\n\n\n\n<li><a href=\"https:\/\/twitter.com\/drguidoknapp?ref_src=twsrc%5Egoogle%7Ctwcamp%5Eserp%7Ctwgr%5Eauthor\">Verr\u00fcckte Geschichte<\/a><\/li>\n\n\n\n<li><a href=\"https:\/\/www.familienbetrieb.info\/\">Betriebsfamilie<\/a><\/li>\n\n\n\n<li><a href=\"https:\/\/www.buddenbohm-und-soehne.de\/\">Buddenbohm und S\u00f6hne<\/a><\/li>\n\n\n\n<li><a href=\"https:\/\/isabelbogdan.de\/\">Isabel Bogdan<\/a><\/li>\n\n\n\n<li><a href=\"https:\/\/www.youtube.com\/c\/PhilsOsophie\">Phils Osophie<\/a><\/li>\n\n\n\n<li><a href=\"https:\/\/www.youtube.com\/channel\/UCwez0FS-XrnefmFxmmBGz2g\">WhatPadiLoves<\/a><\/li>\n\n\n\n<li><a href=\"https:\/\/www.youtube.com\/c\/totoliest\">TotoLiest<\/a><\/li>\n<\/ul>\n\n\n\n<p><strong>Mein liebstes Literaturforum:<\/strong> <a href=\"https:\/\/www.buechertreff.de\/\">buechertreff.de<\/a><\/p>\n<\/div>\n<\/div>\n\n\n\n<p><\/p>\n\n\n\n<div class=\"wp-block-uagb-info-box uagb-block-4fedb741 uagb-infobox__content-wrap  uagb-infobox-icon-above-title uagb-infobox-image-valign-top\"><div class=\"uagb-ifb-content\"><div class=\"uagb-ifb-title-wrap\"><h3 class=\"uagb-ifb-title\">Der virtuelle Spendenhut<\/h3><\/div><p class=\"uagb-ifb-desc\">Dir hat der Beitrag gefallen? Dann freue ich mich \u00fcber eine virtuelle <a href=\"https:\/\/www.paypal.com\/paypalme\/findosbuechercom\/\" target=\"_blank\" rel=\"noreferrer noopener\">Spende<\/a>. Vielen lieben Dank.<\/p><\/div><\/div>\n","protected":false},"excerpt":{"rendered":"<p>B\u00fccher gegen das Vergessen Wir sind nicht gegen f\u00fcr alles Geschehene verantwortlich, aber wir tragen die Verantwortung, Vergangenheit nicht zu vergessen. Abseits von Rezensionen sollen hier B\u00fccher vorgestellt werden, mit denen wir mit Ereignissen, quer durch die Geschichte, konfrontiert werden, um uns an diese zu erinnern. Geplant sind zun\u00e4chst zw\u00f6lf Teile. Hier klicken: #01, #02, [&hellip;]<\/p>\n","protected":false},"author":1,"featured_media":0,"parent":0,"menu_order":0,"comment_status":"open","ping_status":"closed","template":"","meta":{"_uag_custom_page_level_css":"","site-sidebar-layout":"default","site-content-layout":"","ast-site-content-layout":"default","site-content-style":"default","site-sidebar-style":"default","ast-global-header-display":"","ast-banner-title-visibility":"","ast-main-header-display":"","ast-hfb-above-header-display":"","ast-hfb-below-header-display":"","ast-hfb-mobile-header-display":"","site-post-title":"","ast-breadcrumbs-content":"","ast-featured-img":"","footer-sml-layout":"","ast-disable-related-posts":"","theme-transparent-header-meta":"","adv-header-id-meta":"","stick-header-meta":"","header-above-stick-meta":"","header-main-stick-meta":"","header-below-stick-meta":"","astra-migrate-meta-layouts":"default","ast-page-background-enabled":"default","ast-page-background-meta":{"desktop":{"background-color":"","background-image":"","background-repeat":"repeat","background-position":"center center","background-size":"auto","background-attachment":"scroll","background-type":"","background-media":"","overlay-type":"","overlay-color":"","overlay-opacity":"","overlay-gradient":""},"tablet":{"background-color":"","background-image":"","background-repeat":"repeat","background-position":"center center","background-size":"auto","background-attachment":"scroll","background-type":"","background-media":"","overlay-type":"","overlay-color":"","overlay-opacity":"","overlay-gradient":""},"mobile":{"background-color":"","background-image":"","background-repeat":"repeat","background-position":"center center","background-size":"auto","background-attachment":"scroll","background-type":"","background-media":"","overlay-type":"","overlay-color":"","overlay-opacity":"","overlay-gradient":""}},"ast-content-background-meta":{"desktop":{"background-color":"var(--ast-global-color-5)","background-image":"","background-repeat":"repeat","background-position":"center center","background-size":"auto","background-attachment":"scroll","background-type":"","background-media":"","overlay-type":"","overlay-color":"","overlay-opacity":"","overlay-gradient":""},"tablet":{"background-color":"var(--ast-global-color-5)","background-image":"","background-repeat":"repeat","background-position":"center center","background-size":"auto","background-attachment":"scroll","background-type":"","background-media":"","overlay-type":"","overlay-color":"","overlay-opacity":"","overlay-gradient":""},"mobile":{"background-color":"var(--ast-global-color-5)","background-image":"","background-repeat":"repeat","background-position":"center center","background-size":"auto","background-attachment":"scroll","background-type":"","background-media":"","overlay-type":"","overlay-color":"","overlay-opacity":"","overlay-gradient":""}},"footnotes":""},"categories":[],"tags":[],"class_list":["post-4065","page","type-page","status-publish","hentry"],"uagb_featured_image_src":{"full":false,"thumbnail":false,"medium":false,"medium_large":false,"large":false,"wps_thumbnail_size":false,"1536x1536":false,"2048x2048":false,"buchcover":false},"uagb_author_info":{"display_name":"findo","author_link":"https:\/\/findosbuecher.com\/?author=1"},"uagb_comment_info":0,"uagb_excerpt":"B\u00fccher gegen das Vergessen Wir sind nicht gegen f\u00fcr alles Geschehene verantwortlich, aber wir tragen die Verantwortung, Vergangenheit nicht zu vergessen. Abseits von Rezensionen sollen hier B\u00fccher vorgestellt werden, mit denen wir mit Ereignissen, quer durch die Geschichte, konfrontiert werden, um uns an diese zu erinnern. Geplant sind zun\u00e4chst zw\u00f6lf Teile. Hier klicken: #01, #02,&hellip;","_links":{"self":[{"href":"https:\/\/findosbuecher.com\/index.php?rest_route=\/wp\/v2\/pages\/4065","targetHints":{"allow":["GET"]}}],"collection":[{"href":"https:\/\/findosbuecher.com\/index.php?rest_route=\/wp\/v2\/pages"}],"about":[{"href":"https:\/\/findosbuecher.com\/index.php?rest_route=\/wp\/v2\/types\/page"}],"author":[{"embeddable":true,"href":"https:\/\/findosbuecher.com\/index.php?rest_route=\/wp\/v2\/users\/1"}],"replies":[{"embeddable":true,"href":"https:\/\/findosbuecher.com\/index.php?rest_route=%2Fwp%2Fv2%2Fcomments&post=4065"}],"version-history":[{"count":34,"href":"https:\/\/findosbuecher.com\/index.php?rest_route=\/wp\/v2\/pages\/4065\/revisions"}],"predecessor-version":[{"id":7327,"href":"https:\/\/findosbuecher.com\/index.php?rest_route=\/wp\/v2\/pages\/4065\/revisions\/7327"}],"wp:attachment":[{"href":"https:\/\/findosbuecher.com\/index.php?rest_route=%2Fwp%2Fv2%2Fmedia&parent=4065"}],"wp:term":[{"taxonomy":"category","embeddable":true,"href":"https:\/\/findosbuecher.com\/index.php?rest_route=%2Fwp%2Fv2%2Fcategories&post=4065"},{"taxonomy":"post_tag","embeddable":true,"href":"https:\/\/findosbuecher.com\/index.php?rest_route=%2Fwp%2Fv2%2Ftags&post=4065"}],"curies":[{"name":"wp","href":"https:\/\/api.w.org\/{rel}","templated":true}]}}